{"id":217,"date":"2023-11-29T17:58:54","date_gmt":"2023-11-29T16:58:54","guid":{"rendered":"https:\/\/aglestetica.com\/?page_id=217"},"modified":"2024-01-10T17:51:16","modified_gmt":"2024-01-10T16:51:16","slug":"productos","status":"publish","type":"page","link":"https:\/\/aglestetica.com\/index.php\/productos\/","title":{"rendered":"Productos"},"content":{"rendered":"\t\t<div data-elementor-type=\"wp-page\" data-elementor-id=\"217\" class=\"elementor elementor-217\" data-elementor-post-type=\"page\">\n\t\t\t\t<div class=\"elementor-element elementor-element-e46c956 e-con-full e-flex e-con e-parent\" data-id=\"e46c956\" data-element_type=\"container\">\n\t\t\t\t<div class=\"elementor-element elementor-element-1f17cef elementor-widget elementor-widget-image\" data-id=\"1f17cef\" data-element_type=\"widget\" data-widget_type=\"image.default\">\n\t\t\t\t<div class=\"elementor-widget-container\">\n\t\t\t<style>\/*! elementor - v3.21.0 - 18-04-2024 *\/\n.elementor-widget-image{text-align:center}.elementor-widget-image a{display:inline-block}.elementor-widget-image a img[src$=\".svg\"]{width:48px}.elementor-widget-image img{vertical-align:middle;display:inline-block}<\/style>\t\t\t\t\t\t\t\t\t\t<img fetchpriority=\"high\" decoding=\"async\" width=\"1024\" height=\"744\" src=\"https:\/\/aglestetica.com\/wp-content\/uploads\/2023\/11\/41-1024x744.jpg\" class=\"attachment-large size-large wp-image-247\" alt=\"\" srcset=\"https:\/\/aglestetica.com\/wp-content\/uploads\/2023\/11\/41-1024x744.jpg 1024w, https:\/\/aglestetica.com\/wp-content\/uploads\/2023\/11\/41-300x218.jpg 300w, https:\/\/aglestetica.com\/wp-content\/uploads\/2023\/11\/41-768x558.jpg 768w, https:\/\/aglestetica.com\/wp-content\/uploads\/2023\/11\/41-1536x1116.jpg 1536w, https:\/\/aglestetica.com\/wp-content\/uploads\/2023\/11\/41-2048x1488.jpg 2048w\" sizes=\"(max-width: 1024px) 100vw, 1024px\" \/>\t\t\t\t\t\t\t\t\t\t\t\t\t<\/div>\n\t\t\t\t<\/div>\n\t\t\t\t<\/div>\n\t\t<div class=\"elementor-element elementor-element-4b8cb5c4 e-flex e-con-boxed e-con e-parent\" data-id=\"4b8cb5c4\" data-element_type=\"container\">\n\t\t\t\t\t<div class=\"e-con-inner\">\n\t\t<div class=\"elementor-element elementor-element-12351225 e-con-full e-flex e-con e-child\" data-id=\"12351225\" data-element_type=\"container\">\n\t\t\t\t<div class=\"elementor-element elementor-element-f694961 elementor-widget elementor-widget-heading\" data-id=\"f694961\" data-element_type=\"widget\" data-widget_type=\"heading.default\">\n\t\t\t\t<div class=\"elementor-widget-container\">\n\t\t\t<style>\/*! elementor - v3.21.0 - 18-04-2024 *\/\n.elementor-heading-title{padding:0;margin:0;line-height:1}.elementor-widget-heading .elementor-heading-title[class*=elementor-size-]>a{color:inherit;font-size:inherit;line-height:inherit}.elementor-widget-heading .elementor-heading-title.elementor-size-small{font-size:15px}.elementor-widget-heading .elementor-heading-title.elementor-size-medium{font-size:19px}.elementor-widget-heading .elementor-heading-title.elementor-size-large{font-size:29px}.elementor-widget-heading .elementor-heading-title.elementor-size-xl{font-size:39px}.elementor-widget-heading .elementor-heading-title.elementor-size-xxl{font-size:59px}<\/style><h2 class=\"elementor-heading-title elementor-size-default\">NUESTROS PRODUCTOS<\/h2>\t\t<\/div>\n\t\t\t\t<\/div>\n\t\t\t\t<\/div>\n\t\t<div class=\"elementor-element elementor-element-79a6cf5a e-con-full e-flex e-con e-child\" data-id=\"79a6cf5a\" data-element_type=\"container\">\n\t\t\t\t<div class=\"elementor-element elementor-element-9a4d44f elementor-widget elementor-widget-heading\" data-id=\"9a4d44f\" data-element_type=\"widget\" data-widget_type=\"heading.default\">\n\t\t\t\t<div class=\"elementor-widget-container\">\n\t\t\t<p class=\"elementor-heading-title elementor-size-default\">Tienen el objetivo de respetar las caracter\u00edsticas naturales de la piel de las mujeres. Escogemos cuidadosamente nuestros productos, considerando las necesidades individuales, el momento y el estado espec\u00edfico de cada tipo de piel. Colaboramos con marcas especializadas que comparten nuestra misi\u00f3n fundamental: preservar y mejorar la salud de tu piel.<\/p>\t\t<\/div>\n\t\t\t\t<\/div>\n\t\t\t\t<\/div>\n\t\t\t\t\t<\/div>\n\t\t\t\t<\/div>\n\t\t<div class=\"elementor-element elementor-element-60f6182 e-flex e-con-boxed e-con e-parent\" data-id=\"60f6182\" data-element_type=\"container\">\n\t\t\t\t\t<div class=\"e-con-inner\">\n\t\t\t\t<div class=\"elementor-element elementor-element-4fbf4c8 elementor-widget-divider--view-line elementor-widget elementor-widget-divider\" data-id=\"4fbf4c8\" data-element_type=\"widget\" data-widget_type=\"divider.default\">\n\t\t\t\t<div class=\"elementor-widget-container\">\n\t\t\t<style>\/*! elementor - v3.21.0 - 18-04-2024 *\/\n.elementor-widget-divider{--divider-border-style:none;--divider-border-width:1px;--divider-color:#0c0d0e;--divider-icon-size:20px;--divider-element-spacing:10px;--divider-pattern-height:24px;--divider-pattern-size:20px;--divider-pattern-url:none;--divider-pattern-repeat:repeat-x}.elementor-widget-divider .elementor-divider{display:flex}.elementor-widget-divider .elementor-divider__text{font-size:15px;line-height:1;max-width:95%}.elementor-widget-divider .elementor-divider__element{margin:0 var(--divider-element-spacing);flex-shrink:0}.elementor-widget-divider .elementor-icon{font-size:var(--divider-icon-size)}.elementor-widget-divider .elementor-divider-separator{display:flex;margin:0;direction:ltr}.elementor-widget-divider--view-line_icon .elementor-divider-separator,.elementor-widget-divider--view-line_text .elementor-divider-separator{align-items:center}.elementor-widget-divider--view-line_icon .elementor-divider-separator:after,.elementor-widget-divider--view-line_icon .elementor-divider-separator:before,.elementor-widget-divider--view-line_text .elementor-divider-separator:after,.elementor-widget-divider--view-line_text .elementor-divider-separator:before{display:block;content:\"\";border-block-end:0;flex-grow:1;border-block-start:var(--divider-border-width) var(--divider-border-style) var(--divider-color)}.elementor-widget-divider--element-align-left .elementor-divider .elementor-divider-separator>.elementor-divider__svg:first-of-type{flex-grow:0;flex-shrink:100}.elementor-widget-divider--element-align-left .elementor-divider-separator:before{content:none}.elementor-widget-divider--element-align-left .elementor-divider__element{margin-left:0}.elementor-widget-divider--element-align-right .elementor-divider .elementor-divider-separator>.elementor-divider__svg:last-of-type{flex-grow:0;flex-shrink:100}.elementor-widget-divider--element-align-right .elementor-divider-separator:after{content:none}.elementor-widget-divider--element-align-right .elementor-divider__element{margin-right:0}.elementor-widget-divider--element-align-start .elementor-divider .elementor-divider-separator>.elementor-divider__svg:first-of-type{flex-grow:0;flex-shrink:100}.elementor-widget-divider--element-align-start .elementor-divider-separator:before{content:none}.elementor-widget-divider--element-align-start .elementor-divider__element{margin-inline-start:0}.elementor-widget-divider--element-align-end .elementor-divider .elementor-divider-separator>.elementor-divider__svg:last-of-type{flex-grow:0;flex-shrink:100}.elementor-widget-divider--element-align-end .elementor-divider-separator:after{content:none}.elementor-widget-divider--element-align-end .elementor-divider__element{margin-inline-end:0}.elementor-widget-divider:not(.elementor-widget-divider--view-line_text):not(.elementor-widget-divider--view-line_icon) .elementor-divider-separator{border-block-start:var(--divider-border-width) var(--divider-border-style) var(--divider-color)}.elementor-widget-divider--separator-type-pattern{--divider-border-style:none}.elementor-widget-divider--separator-type-pattern.elementor-widget-divider--view-line .elementor-divider-separator,.elementor-widget-divider--separator-type-pattern:not(.elementor-widget-divider--view-line) .elementor-divider-separator:after,.elementor-widget-divider--separator-type-pattern:not(.elementor-widget-divider--view-line) .elementor-divider-separator:before,.elementor-widget-divider--separator-type-pattern:not([class*=elementor-widget-divider--view]) .elementor-divider-separator{width:100%;min-height:var(--divider-pattern-height);-webkit-mask-size:var(--divider-pattern-size) 100%;mask-size:var(--divider-pattern-size) 100%;-webkit-mask-repeat:var(--divider-pattern-repeat);mask-repeat:var(--divider-pattern-repeat);background-color:var(--divider-color);-webkit-mask-image:var(--divider-pattern-url);mask-image:var(--divider-pattern-url)}.elementor-widget-divider--no-spacing{--divider-pattern-size:auto}.elementor-widget-divider--bg-round{--divider-pattern-repeat:round}.rtl .elementor-widget-divider .elementor-divider__text{direction:rtl}.e-con-inner>.elementor-widget-divider,.e-con>.elementor-widget-divider{width:var(--container-widget-width,100%);--flex-grow:var(--container-widget-flex-grow)}<\/style>\t\t<div class=\"elementor-divider\">\n\t\t\t<span class=\"elementor-divider-separator\">\n\t\t\t\t\t\t<\/span>\n\t\t<\/div>\n\t\t\t\t<\/div>\n\t\t\t\t<\/div>\n\t\t\t\t\t<\/div>\n\t\t\t\t<\/div>\n\t\t<div class=\"elementor-element elementor-element-cdda55f e-flex e-con-boxed e-con e-parent\" data-id=\"cdda55f\" data-element_type=\"container\">\n\t\t\t\t\t<div class=\"e-con-inner\">\n\t\t<div class=\"elementor-element elementor-element-e105f6a e-con-full e-flex e-con e-child\" data-id=\"e105f6a\" data-element_type=\"container\">\n\t\t\t\t<div class=\"elementor-element elementor-element-4aad409 elementor-widget elementor-widget-image\" data-id=\"4aad409\" data-element_type=\"widget\" data-widget_type=\"image.default\">\n\t\t\t\t<div class=\"elementor-widget-container\">\n\t\t\t\t\t\t\t\t\t\t\t\t\t<img decoding=\"async\" width=\"816\" height=\"1024\" src=\"https:\/\/aglestetica.com\/wp-content\/uploads\/2023\/11\/Captura-de-pantalla-2023-11-29-a-las-19.08.21-816x1024.png\" class=\"attachment-large size-large wp-image-226\" alt=\"\" srcset=\"https:\/\/aglestetica.com\/wp-content\/uploads\/2023\/11\/Captura-de-pantalla-2023-11-29-a-las-19.08.21-816x1024.png 816w, https:\/\/aglestetica.com\/wp-content\/uploads\/2023\/11\/Captura-de-pantalla-2023-11-29-a-las-19.08.21-239x300.png 239w, https:\/\/aglestetica.com\/wp-content\/uploads\/2023\/11\/Captura-de-pantalla-2023-11-29-a-las-19.08.21-768x964.png 768w, https:\/\/aglestetica.com\/wp-content\/uploads\/2023\/11\/Captura-de-pantalla-2023-11-29-a-las-19.08.21.png 958w\" sizes=\"(max-width: 816px) 100vw, 816px\" \/>\t\t\t\t\t\t\t\t\t\t\t\t\t<\/div>\n\t\t\t\t<\/div>\n\t\t\t\t<div class=\"elementor-element elementor-element-189da0f elementor-widget elementor-widget-heading\" data-id=\"189da0f\" data-element_type=\"widget\" data-widget_type=\"heading.default\">\n\t\t\t\t<div class=\"elementor-widget-container\">\n\t\t\t<p class=\"elementor-heading-title elementor-size-default\">Biologique Recherche<\/p>\t\t<\/div>\n\t\t\t\t<\/div>\n\t\t\t\t<div class=\"elementor-element elementor-element-cc31283 elementor-widget elementor-widget-heading\" data-id=\"cc31283\" data-element_type=\"widget\" data-widget_type=\"heading.default\">\n\t\t\t\t<div class=\"elementor-widget-container\">\n\t\t\t<p class=\"elementor-heading-title elementor-size-default\">Es una marca que nace hace 50 a\u00f1os con una vocaci\u00f3n clara: dar salud a nuestra piel, buscando los mejores activos, en las m\u00e1s altas concentraciones posibles y evitando perfumes, colorantes, conservantes a\u00f1adidos y cualquier elemento que pueda producir reacciones adversas en ella. Dadas las altas concentraciones con las que trabaja utiliza m\u00e9todos espec\u00edficos. Tratamientos \u00fanicos, personalizados, porque cada persona es \u00fanica y su piel tambi\u00e9n lo es, adecuados y adaptados a \"cada instante de la piel\". \n<\/p>\t\t<\/div>\n\t\t\t\t<\/div>\n\t\t\t\t<\/div>\n\t\t<div class=\"elementor-element elementor-element-0336f25 e-con-full e-flex e-con e-child\" data-id=\"0336f25\" data-element_type=\"container\">\n\t\t\t\t<div class=\"elementor-element elementor-element-a418a1f elementor-widget elementor-widget-image\" data-id=\"a418a1f\" data-element_type=\"widget\" data-widget_type=\"image.default\">\n\t\t\t\t<div class=\"elementor-widget-container\">\n\t\t\t\t\t\t\t\t\t\t\t\t\t<img decoding=\"async\" width=\"893\" height=\"1024\" src=\"https:\/\/aglestetica.com\/wp-content\/uploads\/2023\/11\/Captura-de-pantalla-2023-11-29-a-las-19.14.08-893x1024.png\" class=\"attachment-large size-large wp-image-228\" alt=\"\" srcset=\"https:\/\/aglestetica.com\/wp-content\/uploads\/2023\/11\/Captura-de-pantalla-2023-11-29-a-las-19.14.08-893x1024.png 893w, https:\/\/aglestetica.com\/wp-content\/uploads\/2023\/11\/Captura-de-pantalla-2023-11-29-a-las-19.14.08-262x300.png 262w, https:\/\/aglestetica.com\/wp-content\/uploads\/2023\/11\/Captura-de-pantalla-2023-11-29-a-las-19.14.08-768x881.png 768w, https:\/\/aglestetica.com\/wp-content\/uploads\/2023\/11\/Captura-de-pantalla-2023-11-29-a-las-19.14.08-1339x1536.png 1339w, https:\/\/aglestetica.com\/wp-content\/uploads\/2023\/11\/Captura-de-pantalla-2023-11-29-a-las-19.14.08.png 1428w\" sizes=\"(max-width: 893px) 100vw, 893px\" \/>\t\t\t\t\t\t\t\t\t\t\t\t\t<\/div>\n\t\t\t\t<\/div>\n\t\t\t\t<div class=\"elementor-element elementor-element-131d4b8 elementor-widget elementor-widget-heading\" data-id=\"131d4b8\" data-element_type=\"widget\" data-widget_type=\"heading.default\">\n\t\t\t\t<div class=\"elementor-widget-container\">\n\t\t\t<p class=\"elementor-heading-title elementor-size-default\">CELLCOSMET<\/p>\t\t<\/div>\n\t\t\t\t<\/div>\n\t\t\t\t<div class=\"elementor-element elementor-element-59385ad elementor-widget elementor-widget-heading\" data-id=\"59385ad\" data-element_type=\"widget\" data-widget_type=\"heading.default\">\n\t\t\t\t<div class=\"elementor-widget-container\">\n\t\t\t<p class=\"elementor-heading-title elementor-size-default\">Desarrollados en 1987 por los laboratorios de Cellap, los tratamientos celulares y fito suizos Cellmen han sido estudiados y formulados con el objetivo de respetar las caracter\u00edsticas inherentes de la piel femenina. Las innovaciones tecnol\u00f3gicas m\u00e1s recientes combinadas con los gestos expertos de los especialistas en cosmetolog\u00eda han permitido crear m\u00e1s de 50 tratamientos ultraeficaces para preparar, hidratar y revitalizar intensamente la piel respetando escrupulosamente su edad fisiol\u00f3gica y las necesidades espec\u00edficas de esta.\n<\/p>\t\t<\/div>\n\t\t\t\t<\/div>\n\t\t\t\t<\/div>\n\t\t\t\t\t<\/div>\n\t\t\t\t<\/div>\n\t\t\t\t<\/div>\n\t\t","protected":false},"excerpt":{"rendered":"<p>NUESTROS PRODUCTOS Tienen el objetivo de respetar las caracter\u00edsticas naturales de la piel de las mujeres. Escogemos cuidadosamente nuestros productos, considerando las necesidades individuales, el momento y el estado espec\u00edfico de cada tipo de piel. Colaboramos con marcas especializadas que comparten nuestra misi\u00f3n fundamental: preservar y mejorar la salud de tu piel. Biologique Recherche Es &hellip;<\/p>\n<p class=\"read-more\"> <a class=\"\" href=\"https:\/\/aglestetica.com\/index.php\/productos\/\"> <span class=\"screen-reader-text\">Productos<\/span> Read More &raquo;<\/a><\/p>\n","protected":false},"author":1,"featured_media":0,"parent":0,"menu_order":0,"comment_status":"closed","ping_status":"closed","template":"elementor_header_footer","meta":{"site-sidebar-layout":"no-sidebar","site-content-layout":"","ast-site-content-layout":"full-width-container","site-content-style":"default","site-sidebar-style":"default","ast-global-header-display":"","ast-banner-title-visibility":"","ast-main-header-display":"","ast-hfb-above-header-display":"","ast-hfb-below-header-display":"","ast-hfb-mobile-header-display":"","site-post-title":"disabled","ast-breadcrumbs-content":"","ast-featured-img":"disabled","footer-sml-layout":"","theme-transparent-header-meta":"","adv-header-id-meta":"","stick-header-meta":"","header-above-stick-meta":"","header-main-stick-meta":"","header-below-stick-meta":"","astra-migrate-meta-layouts":"","ast-page-background-enabled":"default","ast-page-background-meta":{"desktop":{"background-color":"var(--ast-global-color-4)","background-image":"","background-repeat":"repeat","background-position":"center center","background-size":"auto","background-attachment":"scroll","background-type":"","background-media":"","overlay-type":"","overlay-color":"","overlay-gradient":""},"tablet":{"background-color":"","background-image":"","background-repeat":"repeat","background-position":"center center","background-size":"auto","background-attachment":"scroll","background-type":"","background-media":"","overlay-type":"","overlay-color":"","overlay-gradient":""},"mobile":{"background-color":"","background-image":"","background-repeat":"repeat","background-position":"center center","background-size":"auto","background-attachment":"scroll","background-type":"","background-media":"","overlay-type":"","overlay-color":"","overlay-gradient":""}},"ast-content-background-meta":{"desktop":{"background-color":"var(--ast-global-color-5)","background-image":"","background-repeat":"repeat","background-position":"center center","background-size":"auto","background-attachment":"scroll","background-type":"","background-media":"","overlay-type":"","overlay-color":"","overlay-gradient":""},"tablet":{"background-color":"var(--ast-global-color-5)","background-image":"","background-repeat":"repeat","background-position":"center center","background-size":"auto","background-attachment":"scroll","background-type":"","background-media":"","overlay-type":"","overlay-color":"","overlay-gradient":""},"mobile":{"background-color":"var(--ast-global-color-5)","background-image":"","background-repeat":"repeat","background-position":"center center","background-size":"auto","background-attachment":"scroll","background-type":"","background-media":"","overlay-type":"","overlay-color":"","overlay-gradient":""}},"footnotes":""},"_links":{"self":[{"href":"https:\/\/aglestetica.com\/index.php\/wp-json\/wp\/v2\/pages\/217"}],"collection":[{"href":"https:\/\/aglestetica.com\/index.php\/wp-json\/wp\/v2\/pages"}],"about":[{"href":"https:\/\/aglestetica.com\/index.php\/wp-json\/wp\/v2\/types\/page"}],"author":[{"embeddable":true,"href":"https:\/\/aglestetica.com\/index.php\/wp-json\/wp\/v2\/users\/1"}],"replies":[{"embeddable":true,"href":"https:\/\/aglestetica.com\/index.php\/wp-json\/wp\/v2\/comments?post=217"}],"version-history":[{"count":64,"href":"https:\/\/aglestetica.com\/index.php\/wp-json\/wp\/v2\/pages\/217\/revisions"}],"predecessor-version":[{"id":621,"href":"https:\/\/aglestetica.com\/index.php\/wp-json\/wp\/v2\/pages\/217\/revisions\/621"}],"wp:attachment":[{"href":"https:\/\/aglestetica.com\/index.php\/wp-json\/wp\/v2\/media?parent=217"}],"curies":[{"name":"wp","href":"https:\/\/api.w.org\/{rel}","templated":true}]}}