{"id":125,"date":"2023-11-29T15:43:58","date_gmt":"2023-11-29T14:43:58","guid":{"rendered":"https:\/\/aglestetica.com\/?page_id=125"},"modified":"2023-12-13T16:33:43","modified_gmt":"2023-12-13T15:33:43","slug":"el-centro","status":"publish","type":"page","link":"https:\/\/aglestetica.com\/index.php\/el-centro\/","title":{"rendered":"El Centro"},"content":{"rendered":"\t\t<div data-elementor-type=\"wp-page\" data-elementor-id=\"125\" class=\"elementor elementor-125\" data-elementor-post-type=\"page\">\n\t\t\t\t<div class=\"elementor-element elementor-element-c371383 e-con-full e-flex e-con e-parent\" data-id=\"c371383\" data-element_type=\"container\">\n\t\t\t\t<div class=\"elementor-element elementor-element-20664af elementor-widget elementor-widget-image\" data-id=\"20664af\" data-element_type=\"widget\" data-widget_type=\"image.default\">\n\t\t\t\t<div class=\"elementor-widget-container\">\n\t\t\t<style>\/*! elementor - v3.21.0 - 18-04-2024 *\/\n.elementor-widget-image{text-align:center}.elementor-widget-image a{display:inline-block}.elementor-widget-image a img[src$=\".svg\"]{width:48px}.elementor-widget-image img{vertical-align:middle;display:inline-block}<\/style>\t\t\t\t\t\t\t\t\t\t<img fetchpriority=\"high\" decoding=\"async\" width=\"1024\" height=\"353\" src=\"https:\/\/aglestetica.com\/wp-content\/uploads\/2023\/11\/24-1-2-1024x353.png\" class=\"attachment-large size-large wp-image-181\" alt=\"\" srcset=\"https:\/\/aglestetica.com\/wp-content\/uploads\/2023\/11\/24-1-2-1024x353.png 1024w, https:\/\/aglestetica.com\/wp-content\/uploads\/2023\/11\/24-1-2-300x103.png 300w, https:\/\/aglestetica.com\/wp-content\/uploads\/2023\/11\/24-1-2-768x265.png 768w, https:\/\/aglestetica.com\/wp-content\/uploads\/2023\/11\/24-1-2.png 1440w\" sizes=\"(max-width: 1024px) 100vw, 1024px\" \/>\t\t\t\t\t\t\t\t\t\t\t\t\t<\/div>\n\t\t\t\t<\/div>\n\t\t\t\t<\/div>\n\t\t<div class=\"elementor-element elementor-element-80b4a9b e-flex e-con-boxed e-con e-parent\" data-id=\"80b4a9b\" data-element_type=\"container\">\n\t\t\t\t\t<div class=\"e-con-inner\">\n\t\t<div class=\"elementor-element elementor-element-d950764 e-con-full e-flex e-con e-child\" data-id=\"d950764\" data-element_type=\"container\">\n\t\t\t\t<div class=\"elementor-element elementor-element-ff86e03 elementor-widget elementor-widget-heading\" data-id=\"ff86e03\" data-element_type=\"widget\" data-widget_type=\"heading.default\">\n\t\t\t\t<div class=\"elementor-widget-container\">\n\t\t\t<style>\/*! elementor - v3.21.0 - 18-04-2024 *\/\n.elementor-heading-title{padding:0;margin:0;line-height:1}.elementor-widget-heading .elementor-heading-title[class*=elementor-size-]>a{color:inherit;font-size:inherit;line-height:inherit}.elementor-widget-heading .elementor-heading-title.elementor-size-small{font-size:15px}.elementor-widget-heading .elementor-heading-title.elementor-size-medium{font-size:19px}.elementor-widget-heading .elementor-heading-title.elementor-size-large{font-size:29px}.elementor-widget-heading .elementor-heading-title.elementor-size-xl{font-size:39px}.elementor-widget-heading .elementor-heading-title.elementor-size-xxl{font-size:59px}<\/style><p class=\"elementor-heading-title elementor-size-default\">Te damos la bienvenida a AGL, donde nuestro principal prop\u00f3sito es que desde el momento en que traspasas nuestras puertas, experimentes la sensaci\u00f3n de estar en casa. \n<\/p>\t\t<\/div>\n\t\t\t\t<\/div>\n\t\t\t\t<\/div>\n\t\t<div class=\"elementor-element elementor-element-0a4ca87 e-con-full elementor-hidden-mobile e-flex e-con e-child\" data-id=\"0a4ca87\" data-element_type=\"container\">\n\t\t\t\t<\/div>\n\t\t\t\t\t<\/div>\n\t\t\t\t<\/div>\n\t\t<div class=\"elementor-element elementor-element-1cceb26 e-flex e-con-boxed e-con e-parent\" data-id=\"1cceb26\" data-element_type=\"container\">\n\t\t\t\t\t<div class=\"e-con-inner\">\n\t\t\t\t<div class=\"elementor-element elementor-element-cc85419 elementor-widget-divider--view-line elementor-widget elementor-widget-divider\" data-id=\"cc85419\" data-element_type=\"widget\" data-widget_type=\"divider.default\">\n\t\t\t\t<div class=\"elementor-widget-container\">\n\t\t\t<style>\/*! elementor - v3.21.0 - 18-04-2024 *\/\n.elementor-widget-divider{--divider-border-style:none;--divider-border-width:1px;--divider-color:#0c0d0e;--divider-icon-size:20px;--divider-element-spacing:10px;--divider-pattern-height:24px;--divider-pattern-size:20px;--divider-pattern-url:none;--divider-pattern-repeat:repeat-x}.elementor-widget-divider .elementor-divider{display:flex}.elementor-widget-divider .elementor-divider__text{font-size:15px;line-height:1;max-width:95%}.elementor-widget-divider .elementor-divider__element{margin:0 var(--divider-element-spacing);flex-shrink:0}.elementor-widget-divider .elementor-icon{font-size:var(--divider-icon-size)}.elementor-widget-divider .elementor-divider-separator{display:flex;margin:0;direction:ltr}.elementor-widget-divider--view-line_icon .elementor-divider-separator,.elementor-widget-divider--view-line_text .elementor-divider-separator{align-items:center}.elementor-widget-divider--view-line_icon .elementor-divider-separator:after,.elementor-widget-divider--view-line_icon .elementor-divider-separator:before,.elementor-widget-divider--view-line_text .elementor-divider-separator:after,.elementor-widget-divider--view-line_text .elementor-divider-separator:before{display:block;content:\"\";border-block-end:0;flex-grow:1;border-block-start:var(--divider-border-width) var(--divider-border-style) var(--divider-color)}.elementor-widget-divider--element-align-left .elementor-divider .elementor-divider-separator>.elementor-divider__svg:first-of-type{flex-grow:0;flex-shrink:100}.elementor-widget-divider--element-align-left .elementor-divider-separator:before{content:none}.elementor-widget-divider--element-align-left .elementor-divider__element{margin-left:0}.elementor-widget-divider--element-align-right .elementor-divider .elementor-divider-separator>.elementor-divider__svg:last-of-type{flex-grow:0;flex-shrink:100}.elementor-widget-divider--element-align-right .elementor-divider-separator:after{content:none}.elementor-widget-divider--element-align-right .elementor-divider__element{margin-right:0}.elementor-widget-divider--element-align-start .elementor-divider .elementor-divider-separator>.elementor-divider__svg:first-of-type{flex-grow:0;flex-shrink:100}.elementor-widget-divider--element-align-start .elementor-divider-separator:before{content:none}.elementor-widget-divider--element-align-start .elementor-divider__element{margin-inline-start:0}.elementor-widget-divider--element-align-end .elementor-divider .elementor-divider-separator>.elementor-divider__svg:last-of-type{flex-grow:0;flex-shrink:100}.elementor-widget-divider--element-align-end .elementor-divider-separator:after{content:none}.elementor-widget-divider--element-align-end .elementor-divider__element{margin-inline-end:0}.elementor-widget-divider:not(.elementor-widget-divider--view-line_text):not(.elementor-widget-divider--view-line_icon) .elementor-divider-separator{border-block-start:var(--divider-border-width) var(--divider-border-style) var(--divider-color)}.elementor-widget-divider--separator-type-pattern{--divider-border-style:none}.elementor-widget-divider--separator-type-pattern.elementor-widget-divider--view-line .elementor-divider-separator,.elementor-widget-divider--separator-type-pattern:not(.elementor-widget-divider--view-line) .elementor-divider-separator:after,.elementor-widget-divider--separator-type-pattern:not(.elementor-widget-divider--view-line) .elementor-divider-separator:before,.elementor-widget-divider--separator-type-pattern:not([class*=elementor-widget-divider--view]) .elementor-divider-separator{width:100%;min-height:var(--divider-pattern-height);-webkit-mask-size:var(--divider-pattern-size) 100%;mask-size:var(--divider-pattern-size) 100%;-webkit-mask-repeat:var(--divider-pattern-repeat);mask-repeat:var(--divider-pattern-repeat);background-color:var(--divider-color);-webkit-mask-image:var(--divider-pattern-url);mask-image:var(--divider-pattern-url)}.elementor-widget-divider--no-spacing{--divider-pattern-size:auto}.elementor-widget-divider--bg-round{--divider-pattern-repeat:round}.rtl .elementor-widget-divider .elementor-divider__text{direction:rtl}.e-con-inner>.elementor-widget-divider,.e-con>.elementor-widget-divider{width:var(--container-widget-width,100%);--flex-grow:var(--container-widget-flex-grow)}<\/style>\t\t<div class=\"elementor-divider\">\n\t\t\t<span class=\"elementor-divider-separator\">\n\t\t\t\t\t\t<\/span>\n\t\t<\/div>\n\t\t\t\t<\/div>\n\t\t\t\t<\/div>\n\t\t\t\t\t<\/div>\n\t\t\t\t<\/div>\n\t\t<div class=\"elementor-element elementor-element-180531f e-flex e-con-boxed e-con e-parent\" data-id=\"180531f\" data-element_type=\"container\">\n\t\t\t\t\t<div class=\"e-con-inner\">\n\t\t<div class=\"elementor-element elementor-element-dd7a041 e-con-full e-flex e-con e-child\" data-id=\"dd7a041\" data-element_type=\"container\">\n\t\t\t\t<div class=\"elementor-element elementor-element-89e77d5 elementor-widget elementor-widget-heading\" data-id=\"89e77d5\" data-element_type=\"widget\" data-widget_type=\"heading.default\">\n\t\t\t\t<div class=\"elementor-widget-container\">\n\t\t\t<h2 class=\"elementor-heading-title elementor-size-default\">NUESTRO CENTRO<\/h2>\t\t<\/div>\n\t\t\t\t<\/div>\n\t\t\t\t<\/div>\n\t\t<div class=\"elementor-element elementor-element-640b5d4 e-con-full e-flex e-con e-child\" data-id=\"640b5d4\" data-element_type=\"container\">\n\t\t\t\t<div class=\"elementor-element elementor-element-0b59249 elementor-widget elementor-widget-heading\" data-id=\"0b59249\" data-element_type=\"widget\" data-widget_type=\"heading.default\">\n\t\t\t\t<div class=\"elementor-widget-container\">\n\t\t\t<p class=\"elementor-heading-title elementor-size-default\">Nos esforzamos por crear un ambiente c\u00e1lido y acogedor, libre de preocupaciones, porque entendemos que, al confiarnos el cuidado de tu piel, tambi\u00e9n debemos atender cada detalle. \n\nEn nuestro centro, no solo nos dedicamos a resaltar tu belleza, sino que te invitamos a sentirte verdaderamente en tu propio hogar.\n<br>\nAs\u00ed que, \u00a1Bienvenida a casa!<\/p>\t\t<\/div>\n\t\t\t\t<\/div>\n\t\t\t\t<\/div>\n\t\t\t\t\t<\/div>\n\t\t\t\t<\/div>\n\t\t<div class=\"elementor-element elementor-element-daa7c54 e-flex e-con-boxed e-con e-parent\" data-id=\"daa7c54\" data-element_type=\"container\">\n\t\t\t\t\t<div class=\"e-con-inner\">\n\t\t<div class=\"elementor-element elementor-element-b1ad8d9 e-con-full e-flex e-con e-child\" data-id=\"b1ad8d9\" data-element_type=\"container\">\n\t\t\t\t<div class=\"elementor-element elementor-element-d710182 elementor-widget elementor-widget-image\" data-id=\"d710182\" data-element_type=\"widget\" data-widget_type=\"image.default\">\n\t\t\t\t<div class=\"elementor-widget-container\">\n\t\t\t\t\t\t\t\t\t\t\t\t\t<img decoding=\"async\" width=\"406\" height=\"512\" src=\"https:\/\/aglestetica.com\/wp-content\/uploads\/2023\/11\/26-1.png\" class=\"attachment-large size-large wp-image-165\" alt=\"\" srcset=\"https:\/\/aglestetica.com\/wp-content\/uploads\/2023\/11\/26-1.png 406w, https:\/\/aglestetica.com\/wp-content\/uploads\/2023\/11\/26-1-238x300.png 238w\" sizes=\"(max-width: 406px) 100vw, 406px\" \/>\t\t\t\t\t\t\t\t\t\t\t\t\t<\/div>\n\t\t\t\t<\/div>\n\t\t\t\t<\/div>\n\t\t<div class=\"elementor-element elementor-element-fe89dbd e-con-full e-flex e-con e-child\" data-id=\"fe89dbd\" data-element_type=\"container\">\n\t\t\t\t<div class=\"elementor-element elementor-element-d8a6156 elementor-widget elementor-widget-image\" data-id=\"d8a6156\" data-element_type=\"widget\" data-widget_type=\"image.default\">\n\t\t\t\t<div class=\"elementor-widget-container\">\n\t\t\t\t\t\t\t\t\t\t\t\t\t<img decoding=\"async\" width=\"398\" height=\"512\" src=\"https:\/\/aglestetica.com\/wp-content\/uploads\/2023\/11\/40-1-1.png\" class=\"attachment-large size-large wp-image-168\" alt=\"\" srcset=\"https:\/\/aglestetica.com\/wp-content\/uploads\/2023\/11\/40-1-1.png 398w, https:\/\/aglestetica.com\/wp-content\/uploads\/2023\/11\/40-1-1-233x300.png 233w\" sizes=\"(max-width: 398px) 100vw, 398px\" \/>\t\t\t\t\t\t\t\t\t\t\t\t\t<\/div>\n\t\t\t\t<\/div>\n\t\t\t\t<\/div>\n\t\t<div class=\"elementor-element elementor-element-3074d8f e-con-full e-flex e-con e-child\" data-id=\"3074d8f\" data-element_type=\"container\">\n\t\t\t\t<div class=\"elementor-element elementor-element-63047d1 elementor-widget elementor-widget-image\" data-id=\"63047d1\" data-element_type=\"widget\" data-widget_type=\"image.default\">\n\t\t\t\t<div class=\"elementor-widget-container\">\n\t\t\t\t\t\t\t\t\t\t\t\t\t<img loading=\"lazy\" decoding=\"async\" width=\"401\" height=\"512\" src=\"https:\/\/aglestetica.com\/wp-content\/uploads\/2023\/11\/23-1-1.png\" class=\"attachment-large size-large wp-image-167\" alt=\"\" srcset=\"https:\/\/aglestetica.com\/wp-content\/uploads\/2023\/11\/23-1-1.png 401w, https:\/\/aglestetica.com\/wp-content\/uploads\/2023\/11\/23-1-1-235x300.png 235w\" sizes=\"(max-width: 401px) 100vw, 401px\" \/>\t\t\t\t\t\t\t\t\t\t\t\t\t<\/div>\n\t\t\t\t<\/div>\n\t\t\t\t<\/div>\n\t\t\t\t\t<\/div>\n\t\t\t\t<\/div>\n\t\t<div class=\"elementor-element elementor-element-871aec9 e-flex e-con-boxed e-con e-parent\" data-id=\"871aec9\" data-element_type=\"container\">\n\t\t\t\t\t<div class=\"e-con-inner\">\n\t\t<div class=\"elementor-element elementor-element-152cf05 e-con-full e-flex e-con e-child\" data-id=\"152cf05\" data-element_type=\"container\">\n\t\t\t\t<div class=\"elementor-element elementor-element-d406118 elementor-widget elementor-widget-image\" data-id=\"d406118\" data-element_type=\"widget\" data-widget_type=\"image.default\">\n\t\t\t\t<div class=\"elementor-widget-container\">\n\t\t\t\t\t\t\t\t\t\t\t\t\t<img loading=\"lazy\" decoding=\"async\" width=\"824\" height=\"400\" src=\"https:\/\/aglestetica.com\/wp-content\/uploads\/2023\/11\/30-1-1.png\" class=\"attachment-large size-large wp-image-169\" alt=\"\" srcset=\"https:\/\/aglestetica.com\/wp-content\/uploads\/2023\/11\/30-1-1.png 824w, https:\/\/aglestetica.com\/wp-content\/uploads\/2023\/11\/30-1-1-300x146.png 300w, https:\/\/aglestetica.com\/wp-content\/uploads\/2023\/11\/30-1-1-768x373.png 768w\" sizes=\"(max-width: 824px) 100vw, 824px\" \/>\t\t\t\t\t\t\t\t\t\t\t\t\t<\/div>\n\t\t\t\t<\/div>\n\t\t\t\t<\/div>\n\t\t<div class=\"elementor-element elementor-element-bbba39c e-con-full e-flex e-con e-child\" data-id=\"bbba39c\" data-element_type=\"container\">\n\t\t\t\t<div class=\"elementor-element elementor-element-bae8f9c elementor-widget elementor-widget-image\" data-id=\"bae8f9c\" data-element_type=\"widget\" data-widget_type=\"image.default\">\n\t\t\t\t<div class=\"elementor-widget-container\">\n\t\t\t\t\t\t\t\t\t\t\t\t\t<img loading=\"lazy\" decoding=\"async\" width=\"401\" height=\"407\" src=\"https:\/\/aglestetica.com\/wp-content\/uploads\/2023\/11\/20-1.png\" class=\"attachment-large size-large wp-image-170\" alt=\"\" srcset=\"https:\/\/aglestetica.com\/wp-content\/uploads\/2023\/11\/20-1.png 401w, https:\/\/aglestetica.com\/wp-content\/uploads\/2023\/11\/20-1-296x300.png 296w\" sizes=\"(max-width: 401px) 100vw, 401px\" \/>\t\t\t\t\t\t\t\t\t\t\t\t\t<\/div>\n\t\t\t\t<\/div>\n\t\t\t\t<\/div>\n\t\t\t\t\t<\/div>\n\t\t\t\t<\/div>\n\t\t\t\t<\/div>\n\t\t","protected":false},"excerpt":{"rendered":"<p>Te damos la bienvenida a AGL, donde nuestro principal prop\u00f3sito es que desde el momento en que traspasas nuestras puertas, experimentes la sensaci\u00f3n de estar en casa. NUESTRO CENTRO Nos esforzamos por crear un ambiente c\u00e1lido y acogedor, libre de preocupaciones, porque entendemos que, al confiarnos el cuidado de tu piel, tambi\u00e9n debemos atender cada &hellip;<\/p>\n<p class=\"read-more\"> <a class=\"\" href=\"https:\/\/aglestetica.com\/index.php\/el-centro\/\"> <span class=\"screen-reader-text\">El Centro<\/span> Read More &raquo;<\/a><\/p>\n","protected":false},"author":1,"featured_media":0,"parent":0,"menu_order":0,"comment_status":"closed","ping_status":"closed","template":"elementor_header_footer","meta":{"site-sidebar-layout":"no-sidebar","site-content-layout":"","ast-site-content-layout":"full-width-container","site-content-style":"default","site-sidebar-style":"default","ast-global-header-display":"","ast-banner-title-visibility":"","ast-main-header-display":"","ast-hfb-above-header-display":"","ast-hfb-below-header-display":"","ast-hfb-mobile-header-display":"","site-post-title":"disabled","ast-breadcrumbs-content":"","ast-featured-img":"disabled","footer-sml-layout":"","theme-transparent-header-meta":"","adv-header-id-meta":"","stick-header-meta":"","header-above-stick-meta":"","header-main-stick-meta":"","header-below-stick-meta":"","astra-migrate-meta-layouts":"","ast-page-background-enabled":"default","ast-page-background-meta":{"desktop":{"background-color":"var(--ast-global-color-4)","background-image":"","background-repeat":"repeat","background-position":"center center","background-size":"auto","background-attachment":"scroll","background-type":"","background-media":"","overlay-type":"","overlay-color":"","overlay-gradient":""},"tablet":{"background-color":"","background-image":"","background-repeat":"repeat","background-position":"center center","background-size":"auto","background-attachment":"scroll","background-type":"","background-media":"","overlay-type":"","overlay-color":"","overlay-gradient":""},"mobile":{"background-color":"","background-image":"","background-repeat":"repeat","background-position":"center center","background-size":"auto","background-attachment":"scroll","background-type":"","background-media":"","overlay-type":"","overlay-color":"","overlay-gradient":""}},"ast-content-background-meta":{"desktop":{"background-color":"var(--ast-global-color-5)","background-image":"","background-repeat":"repeat","background-position":"center center","background-size":"auto","background-attachment":"scroll","background-type":"","background-media":"","overlay-type":"","overlay-color":"","overlay-gradient":""},"tablet":{"background-color":"var(--ast-global-color-5)","background-image":"","background-repeat":"repeat","background-position":"center center","background-size":"auto","background-attachment":"scroll","background-type":"","background-media":"","overlay-type":"","overlay-color":"","overlay-gradient":""},"mobile":{"background-color":"var(--ast-global-color-5)","background-image":"","background-repeat":"repeat","background-position":"center center","background-size":"auto","background-attachment":"scroll","background-type":"","background-media":"","overlay-type":"","overlay-color":"","overlay-gradient":""}},"footnotes":""},"_links":{"self":[{"href":"https:\/\/aglestetica.com\/index.php\/wp-json\/wp\/v2\/pages\/125"}],"collection":[{"href":"https:\/\/aglestetica.com\/index.php\/wp-json\/wp\/v2\/pages"}],"about":[{"href":"https:\/\/aglestetica.com\/index.php\/wp-json\/wp\/v2\/types\/page"}],"author":[{"embeddable":true,"href":"https:\/\/aglestetica.com\/index.php\/wp-json\/wp\/v2\/users\/1"}],"replies":[{"embeddable":true,"href":"https:\/\/aglestetica.com\/index.php\/wp-json\/wp\/v2\/comments?post=125"}],"version-history":[{"count":40,"href":"https:\/\/aglestetica.com\/index.php\/wp-json\/wp\/v2\/pages\/125\/revisions"}],"predecessor-version":[{"id":592,"href":"https:\/\/aglestetica.com\/index.php\/wp-json\/wp\/v2\/pages\/125\/revisions\/592"}],"wp:attachment":[{"href":"https:\/\/aglestetica.com\/index.php\/wp-json\/wp\/v2\/media?parent=125"}],"curies":[{"name":"wp","href":"https:\/\/api.w.org\/{rel}","templated":true}]}}